{"id":5129,"date":"2025-09-08T10:53:15","date_gmt":"2025-09-08T10:53:15","guid":{"rendered":"https:\/\/smboutique.online\/?post_type=product&#038;p=5129"},"modified":"2025-09-17T17:48:46","modified_gmt":"2025-09-17T17:48:46","slug":"%f0%9f%8e%92-%d8%ad%d9%82%d8%a7%d8%a6%d8%a8-%d9%85%d8%af%d8%b1%d8%b3%d9%8a%d8%a9-%d8%b9%d8%b5%d8%b1%d9%8a%d8%a9-%d9%84%d9%84%d8%a3%d8%b7%d9%81%d8%a7%d9%84-3-%d9%82%d8%b7%d8%b9-%f0%9f%8e%92-boxi-origin","status":"publish","type":"product","link":"https:\/\/smboutique.online\/ar\/product\/%f0%9f%8e%92-%d8%ad%d9%82%d8%a7%d8%a6%d8%a8-%d9%85%d8%af%d8%b1%d8%b3%d9%8a%d8%a9-%d8%b9%d8%b5%d8%b1%d9%8a%d8%a9-%d9%84%d9%84%d8%a3%d8%b7%d9%81%d8%a7%d9%84-3-%d9%82%d8%b7%d8%b9-%f0%9f%8e%92-boxi-origin\/","title":{"rendered":"\ud83c\udf92 \u062d\u0642\u0627\u0626\u0628 \u0645\u062f\u0631\u0633\u064a\u0629 \u0639\u0635\u0631\u064a\u0629 \u0644\u0644\u0623\u0637\u0641\u0627\u0644 3 \u0642\u0637\u0639 \ud83c\udf92 boxi original"},"content":{"rendered":"<p>&nbsp;<\/p>\n<h1>\u00a0 \u00a0 \u00a0 \u00a0 \u00a0 \u00a0 \u00a0 \u00a0 \u00a0 \u00a0 \u00a0 \u00a0 \u00a0 \u00a0 \u00a0 \u00a0 \u00a0 \u00a0 \u00a0 \u00a0 \u00a0 \u00a0 \u00a0 \u00a0 \u00a0 \u00a0 \u00a0 \u00a0 \u00a0 \u00a0 \u00a0 \u062b\u0644\u0627\u062b \u0642\u0637\u0639 \u0645\u0646 \u0627\u0644\u0641\u062e\u0627\u0645\u0629 \u0648\u0627\u0644\u062c\u0648\u062f\u0629 Boxi<\/h1>\n<p style=\"text-align: center;\">( \u0627\u0644\u0637\u0642\u0645 \u0627\u0635\u0644\u064a \u0641\u064a \u0627\u0644\u062d\u0642\u064a\u0642\u0629 \u0627\u0641\u0636\u0644 \u0628\u0643\u062b\u064a\u0631 \u0645\u0646 \u0627\u0644\u0635\u0648\u0631 \u064a\u0645\u0643\u0646\u0643\u0645 \u0641\u062a\u062d \u0627\u0644\u0637\u0631\u062f \u0642\u0628\u0644 \u0627\u0644\u062f\u0641\u0639 )<\/p>\n<h5 style=\"text-align: right;\"><\/h5>\n<h5><\/h5>\n<h5 style=\"text-align: right;\">\u0627\u0645\u0646\u062d \u0637\u0641\u0644\u0643 \u0628\u062f\u0627\u064a\u0629 \u062f\u0631\u0627\u0633\u064a\u0629 \u0623\u0646\u064a\u0642\u0629 \u0648\u0639\u0645\u0644\u064a\u0629 \u0645\u0639 \u0637\u0642\u0645 Boxi \u0627\u0644\u0641\u0627\u062e\u0631\u060c \u0627\u0644\u0645\u0635\u0645\u0645 \u062e\u0635\u064a\u0635\u064b\u0627 \u0644\u0631\u0627\u062d\u0629 \u0648\u0635\u062d\u0629 \u0627\u0644\u062a\u0644\u0627\u0645\u064a\u0630 \u0641\u064a \u0627\u0644\u0645\u0631\u062d\u0644\u0629 \u0627\u0644\u0627\u0628\u062a\u062f\u0627\u0626\u064a\u0629.<\/h5>\n<h5 style=\"text-align: right;\"><strong data-start=\"471\" data-end=\"490\">\u064a\u062a\u0643\u0648\u0646 \u0627\u0644\u0637\u0642\u0645 \u0645\u0646:<\/strong><br data-start=\"490\" data-end=\"493\" \/>\u2714\ufe0f \u062d\u0642\u064a\u0628\u0629 \u0638\u0647\u0631 \u0628\u0639\u062c\u0644\u0627\u062a \u2013 \u0645\u062a\u064a\u0646\u0629 \u0648\u0633\u0647\u0644\u0629 \u0627\u0644\u062d\u0645\u0644\u060c \u062a\u062e\u0641\u0641 \u062b\u0642\u0644 \u0627\u0644\u0643\u062a\u0628 \u0639\u0644\u0649 \u0637\u0641\u0644\u0643.<br data-start=\"558\" data-end=\"561\" \/>\u2714\ufe0f \u062d\u0642\u064a\u0628\u0629 \u0623\u0643\u0644 \u062d\u0631\u0627\u0631\u064a\u0629 \u2013 \u062a\u062d\u0627\u0641\u0638 \u0639\u0644\u0649 \u0627\u0644\u0637\u0639\u0627\u0645 \u0637\u0627\u0632\u062c\u064b\u0627 \u0648\u0635\u062d\u064a\u064b\u0627 \u0637\u0648\u0627\u0644 \u0627\u0644\u064a\u0648\u0645.<br data-start=\"625\" data-end=\"628\" \/>\u2714\ufe0f \u062a\u063a\u0648\u0633 \u0623\u0646\u064a\u0642 \u2013 \u0645\u062b\u0627\u0644\u064a \u0644\u0644\u0623\u063a\u0631\u0627\u0636 \u0627\u0644\u0635\u063a\u064a\u0631\u0629 \u0648\u0627\u0644\u0639\u0645\u0644\u064a\u0629.<\/h5>\n<h5 style=\"text-align: right;\">\u2728 \u0644\u0645\u0627\u0630\u0627 \u062a\u062e\u062a\u0627\u0631 Boxi\u061f<\/h5>\n<h5 style=\"text-align: right;\" data-start=\"707\" data-end=\"741\">\u062a\u0635\u0645\u064a\u0645 \u0641\u0627\u062e\u0631 \u064a\u0645\u064a\u0632 \u0637\u0641\u0644\u0643 \u0628\u064a\u0646 \u0632\u0645\u0644\u0627\u0626\u0647.<\/h5>\n<h5 style=\"text-align: right;\" data-start=\"744\" data-end=\"777\">\u062e\u0627\u0645\u0627\u062a \u0639\u0627\u0644\u064a\u0629 \u0627\u0644\u062c\u0648\u062f\u0629 \u062a\u062f\u0648\u0645 \u0637\u0648\u064a\u0644\u064b\u0627.<\/h5>\n<h5 style=\"text-align: right;\" data-start=\"780\" data-end=\"828\">\u0631\u0627\u062d\u0629 \u0648\u0635\u062d\u0629 \u0644\u0637\u0641\u0644\u0643 \u0628\u0641\u0636\u0644 \u0627\u0644\u062a\u0646\u0638\u064a\u0645 \u0627\u0644\u0630\u0643\u064a \u0648\u062e\u0641\u0629 \u0627\u0644\u062d\u0645\u0644.<\/h5>\n<h5 style=\"text-align: right;\" data-start=\"831\" data-end=\"891\">\u0627\u0644\u0637\u0642\u0645 \u0643\u0627\u0645\u0644 \u0641\u064a \u0642\u0637\u0639\u0629 \u0648\u0627\u062d\u062f\u0629 \u2013 \u0644\u0627 \u062d\u0627\u062c\u0629 \u0644\u0644\u0628\u062d\u062b \u0639\u0646 \u0645\u0644\u062d\u0642\u0627\u062a \u0625\u0636\u0627\u0641\u064a\u0629.<\/h5>\n<h5 style=\"text-align: right;\">\ud83d\udce6 \u0627\u0644\u0639\u0631\u0636 \u0645\u062d\u062f\u0648\u062f<\/h5>\n<h5 style=\"text-align: right;\">\u0645\u062a\u0648\u0641\u0631 \u0628\u0643\u0645\u064a\u0627\u062a \u0645\u062d\u062f\u0648\u062f\u0629 \u2013 \u0627\u062d\u062c\u0632 \u0627\u0644\u0622\u0646 \u0642\u0628\u0644 \u0646\u0641\u0627\u062f \u0627\u0644\u0645\u062e\u0632\u0648\u0646!<\/h5>\n<h5 style=\"text-align: right;\">\u27a1\ufe0f <strong data-start=\"971\" data-end=\"984\">\u0627\u0637\u0644\u0628 \u0627\u0644\u0622\u0646<\/strong>\u00a0\u0648\u0627\u0645\u0646\u062d \u0635\u063a\u064a\u0631\u0643 \u0645\u0632\u064a\u062c \u0627\u0644\u0631\u0627\u062d\u0629 \u0648\u0627\u0644\u0641\u062e\u0627\u0645\u0629 \u0641\u064a \u0643\u0644 \u064a\u0648\u0645 \u062f\u0631\u0627\u0633\u064a.<\/h5>\n<h3 data-start=\"83\" data-end=\"136\"><\/h3>\n<p data-start=\"137\" data-end=\"303\">Offrez \u00e0 votre enfant une rentr\u00e9e scolaire \u00e9l\u00e9gante et pratique avec le coffret Boxi premium, sp\u00e9cialement con\u00e7u pour le confort et la sant\u00e9 des \u00e9l\u00e8ves du primaire.<\/p>\n<p data-start=\"305\" data-end=\"590\"><strong data-start=\"305\" data-end=\"330\">Le coffret comprend :<\/strong><br data-start=\"330\" data-end=\"333\" \/>\u2714\ufe0f Un sac \u00e0 dos \u00e0 roulettes \u2013 robuste et facile \u00e0 transporter, qui all\u00e8ge le poids des livres.\u2714\ufe0f Un sac repas isotherme \u2013 garde les aliments frais et sains toute la journ\u00e9e.<br data-start=\"509\" data-end=\"512\" \/>\u2714\ufe0f Une trousse \u00e9l\u00e9gante \u2013 id\u00e9ale pour les petits accessoires indispensables.<\/p>\n<h4 data-start=\"592\" data-end=\"624\">\u2728 Pourquoi choisir Boxi ?<\/h4>\n<ul data-start=\"625\" data-end=\"906\">\n<li data-start=\"625\" data-end=\"691\">\n<p data-start=\"627\" data-end=\"691\">Un design premium qui distingue votre enfant de ses camarades.<\/p>\n<\/li>\n<li data-start=\"692\" data-end=\"751\">\n<p data-start=\"694\" data-end=\"751\">Des mat\u00e9riaux de haute qualit\u00e9, durables et r\u00e9sistants.<\/p>\n<\/li>\n<li data-start=\"752\" data-end=\"835\">\n<p data-start=\"754\" data-end=\"835\">Confort et bien-\u00eatre gr\u00e2ce \u00e0 une organisation intelligente et un port facilit\u00e9.<\/p>\n<\/li>\n<li data-start=\"836\" data-end=\"906\">\n<p data-start=\"838\" data-end=\"906\">Un coffret complet \u2013 plus besoin de chercher d\u2019autres accessoires.<\/p>\n<\/li>\n<\/ul>\n<h4 data-start=\"908\" data-end=\"931\">\ud83d\udce6 Offre limit\u00e9e<\/h4>\n<p data-start=\"932\" data-end=\"1006\">Disponible en quantit\u00e9 limit\u00e9e \u2013 commandez vite avant rupture de stock !<\/p>\n<p data-start=\"1008\" data-end=\"1136\">\u27a1\ufe0f <strong data-start=\"1011\" data-end=\"1035\">Commandez maintenant<\/strong> et offrez \u00e0 votre enfant le parfait m\u00e9lange de confort et d\u2019\u00e9l\u00e9gance pour chaque journ\u00e9e scolaire.<\/p>","protected":false},"excerpt":{"rendered":"<p>&nbsp; \u00a0 \u00a0 \u00a0 \u00a0 \u00a0 \u00a0 \u00a0 \u00a0 \u00a0 \u00a0 \u00a0 \u00a0 \u00a0 \u00a0 \u00a0 \u00a0 \u00a0 \u00a0 \u00a0 \u00a0 \u00a0 \u00a0 \u00a0 \u00a0 \u00a0 \u00a0 \u00a0 \u00a0 \u00a0 \u00a0 \u00a0 \u062b\u0644\u0627\u062b \u0642\u0637\u0639 \u0645\u0646 \u0627\u0644\u0641\u062e\u0627\u0645\u0629 \u0648\u0627\u0644\u062c\u0648\u062f\u0629 Boxi ( \u0627\u0644\u0637\u0642\u0645 \u0627\u0635\u0644\u064a \u0641\u064a \u0627\u0644\u062d\u0642\u064a\u0642\u0629 \u0627\u0641\u0636\u0644 \u0628\u0643\u062b\u064a\u0631 \u0645\u0646 \u0627\u0644\u0635\u0648\u0631 \u064a\u0645\u0643\u0646\u0643\u0645 \u0641\u062a\u062d \u0627\u0644\u0637\u0631\u062f \u0642\u0628\u0644 \u0627\u0644\u062f\u0641\u0639 ) \u0627\u0645\u0646\u062d \u0637\u0641\u0644\u0643 [&hellip;]<\/p>\n","protected":false},"featured_media":5176,"template":"","meta":{"site-sidebar-layout":"default","site-content-layout":"","ast-site-content-layout":"default","site-content-style":"default","site-sidebar-style":"default","ast-global-header-display":"","ast-banner-title-visibility":"","ast-main-header-display":"","ast-hfb-above-header-display":"","ast-hfb-below-header-display":"","ast-hfb-mobile-header-display":"","site-post-title":"","ast-breadcrumbs-content":"","ast-featured-img":"","footer-sml-layout":"","ast-disable-related-posts":"","theme-transparent-header-meta":"default","adv-header-id-meta":"","stick-header-meta":"","header-above-stick-meta":"","header-main-stick-meta":"","header-below-stick-meta":"","astra-migrate-meta-layouts":"set","ast-page-background-enabled":"default","ast-page-background-meta":{"desktop":{"background-color":"","background-image":"","background-repeat":"repeat","background-position":"center center","background-size":"auto","background-attachment":"scroll","background-type":"","background-media":"","overlay-type":"","overlay-color":"","overlay-opacity":"","overlay-gradient":""},"tablet":{"background-color":"","background-image":"","background-repeat":"repeat","background-position":"center center","background-size":"auto","background-attachment":"scroll","background-type":"","background-media":"","overlay-type":"","overlay-color":"","overlay-opacity":"","overlay-gradient":""},"mobile":{"background-color":"","background-image":"","background-repeat":"repeat","background-position":"center center","background-size":"auto","background-attachment":"scroll","background-type":"","background-media":"","overlay-type":"","overlay-color":"","overlay-opacity":"","overlay-gradient":""}},"ast-content-background-meta":{"desktop":{"background-color":"var(--ast-global-color-5)","background-image":"","background-repeat":"repeat","background-position":"center center","background-size":"auto","background-attachment":"scroll","background-type":"","background-media":"","overlay-type":"","overlay-color":"","overlay-opacity":"","overlay-gradient":""},"tablet":{"background-color":"var(--ast-global-color-5)","background-image":"","background-repeat":"repeat","background-position":"center center","background-size":"auto","background-attachment":"scroll","background-type":"","background-media":"","overlay-type":"","overlay-color":"","overlay-opacity":"","overlay-gradient":""},"mobile":{"background-color":"var(--ast-global-color-5)","background-image":"","background-repeat":"repeat","background-position":"center center","background-size":"auto","background-attachment":"scroll","background-type":"","background-media":"","overlay-type":"","overlay-color":"","overlay-opacity":"","overlay-gradient":""}}},"product_brand":[],"product_cat":[60],"product_tag":[],"class_list":{"0":"post-5129","1":"product","2":"type-product","3":"status-publish","4":"has-post-thumbnail","6":"product_cat-mode","7":"desktop-align-left","8":"tablet-align-left","9":"mobile-align-left","11":"first","12":"instock","13":"sale","14":"taxable","15":"shipping-taxable","16":"purchasable","17":"product-type-simple"},"jetpack_sharing_enabled":true,"_links":{"self":[{"href":"https:\/\/smboutique.online\/ar\/wp-json\/wp\/v2\/product\/5129","targetHints":{"allow":["GET"]}}],"collection":[{"href":"https:\/\/smboutique.online\/ar\/wp-json\/wp\/v2\/product"}],"about":[{"href":"https:\/\/smboutique.online\/ar\/wp-json\/wp\/v2\/types\/product"}],"version-history":[{"count":5,"href":"https:\/\/smboutique.online\/ar\/wp-json\/wp\/v2\/product\/5129\/revisions"}],"predecessor-version":[{"id":5210,"href":"https:\/\/smboutique.online\/ar\/wp-json\/wp\/v2\/product\/5129\/revisions\/5210"}],"wp:featuredmedia":[{"embeddable":true,"href":"https:\/\/smboutique.online\/ar\/wp-json\/wp\/v2\/media\/5176"}],"wp:attachment":[{"href":"https:\/\/smboutique.online\/ar\/wp-json\/wp\/v2\/media?parent=5129"}],"wp:term":[{"taxonomy":"product_brand","embeddable":true,"href":"https:\/\/smboutique.online\/ar\/wp-json\/wp\/v2\/product_brand?post=5129"},{"taxonomy":"product_cat","embeddable":true,"href":"https:\/\/smboutique.online\/ar\/wp-json\/wp\/v2\/product_cat?post=5129"},{"taxonomy":"product_tag","embeddable":true,"href":"https:\/\/smboutique.online\/ar\/wp-json\/wp\/v2\/product_tag?post=5129"}],"curies":[{"name":"wp","href":"https:\/\/api.w.org\/{rel}","templated":true}]}}