{"id":5065,"date":"2025-09-02T00:02:32","date_gmt":"2025-09-02T00:02:32","guid":{"rendered":"https:\/\/smboutique.online\/?post_type=product&#038;p=5065"},"modified":"2025-09-11T22:58:09","modified_gmt":"2025-09-11T22:58:09","slug":"%d8%b7%d9%82%d9%85-%d8%a7%d9%84%d9%85%d9%84%d9%83%d8%a9","status":"publish","type":"product","link":"https:\/\/smboutique.online\/ar\/product\/%d8%b7%d9%82%d9%85-%d8%a7%d9%84%d9%85%d9%84%d9%83%d8%a9\/","title":{"rendered":"\u0637\u0642\u0645 \u0627\u0644\u0645\u0644\u0643\u0629"},"content":{"rendered":"<h1>\u00a0 \u00a0 \u00a0 \u00a0 \u00a0 \u00a0 \u00a0 \u00a0 \u00a0 \u00a0 \u00a0 \u00a0 \u00a0 \u00a0 \u00a0 \u00a0 \u00a0 \u00a0 \u00a0 \u00a0 \u00a0 \u00a0 \u00a0 \u00a0 \u00a0 \u00a0 \u00a0 \u00a0 \u00a0 \u00a0 <img data-recalc-dims=\"1\" fetchpriority=\"high\" decoding=\"async\" class=\"size-medium wp-image-5068 aligncenter\" src=\"https:\/\/i0.wp.com\/smboutique.online\/wp-content\/uploads\/2025\/09\/IMG_1557.jpg?resize=225%2C300&#038;ssl=1\" alt=\"\" width=\"225\" height=\"300\" srcset=\"https:\/\/i0.wp.com\/smboutique.online\/wp-content\/uploads\/2025\/09\/IMG_1557-scaled.jpg?resize=225%2C300&amp;ssl=1 225w, https:\/\/i0.wp.com\/smboutique.online\/wp-content\/uploads\/2025\/09\/IMG_1557-scaled.jpg?resize=600%2C800&amp;ssl=1 600w, https:\/\/i0.wp.com\/smboutique.online\/wp-content\/uploads\/2025\/09\/IMG_1557-scaled.jpg?resize=768%2C1024&amp;ssl=1 768w, https:\/\/i0.wp.com\/smboutique.online\/wp-content\/uploads\/2025\/09\/IMG_1557-scaled.jpg?resize=1152%2C1536&amp;ssl=1 1152w, https:\/\/i0.wp.com\/smboutique.online\/wp-content\/uploads\/2025\/09\/IMG_1557-scaled.jpg?resize=1536%2C2048&amp;ssl=1 1536w, https:\/\/i0.wp.com\/smboutique.online\/wp-content\/uploads\/2025\/09\/IMG_1557-scaled.jpg?resize=9%2C12&amp;ssl=1 9w, https:\/\/i0.wp.com\/smboutique.online\/wp-content\/uploads\/2025\/09\/IMG_1557-scaled.jpg?w=1920&amp;ssl=1 1920w\" sizes=\"(max-width: 225px) 100vw, 225px\" \/><img data-recalc-dims=\"1\" decoding=\"async\" class=\"size-medium wp-image-5070 aligncenter\" style=\"font-size: 16px; font-weight: 400;\" src=\"https:\/\/i0.wp.com\/smboutique.online\/wp-content\/uploads\/2025\/09\/IMG_2703.jpg?resize=225%2C300&#038;ssl=1\" alt=\"\" width=\"225\" height=\"300\" srcset=\"https:\/\/i0.wp.com\/smboutique.online\/wp-content\/uploads\/2025\/09\/IMG_2703-scaled.jpg?resize=225%2C300&amp;ssl=1 225w, https:\/\/i0.wp.com\/smboutique.online\/wp-content\/uploads\/2025\/09\/IMG_2703-scaled.jpg?resize=600%2C800&amp;ssl=1 600w, https:\/\/i0.wp.com\/smboutique.online\/wp-content\/uploads\/2025\/09\/IMG_2703-scaled.jpg?resize=768%2C1024&amp;ssl=1 768w, https:\/\/i0.wp.com\/smboutique.online\/wp-content\/uploads\/2025\/09\/IMG_2703-scaled.jpg?resize=1152%2C1536&amp;ssl=1 1152w, https:\/\/i0.wp.com\/smboutique.online\/wp-content\/uploads\/2025\/09\/IMG_2703-scaled.jpg?resize=1536%2C2048&amp;ssl=1 1536w, https:\/\/i0.wp.com\/smboutique.online\/wp-content\/uploads\/2025\/09\/IMG_2703-scaled.jpg?resize=9%2C12&amp;ssl=1 9w, https:\/\/i0.wp.com\/smboutique.online\/wp-content\/uploads\/2025\/09\/IMG_2703-scaled.jpg?w=1920&amp;ssl=1 1920w\" sizes=\"(max-width: 225px) 100vw, 225px\" \/><\/h1>\n<h1 style=\"font-style: normal;\"><img data-recalc-dims=\"1\" decoding=\"async\" class=\"wp-image-5069 aligncenter\" style=\"font-size: 16px; font-weight: 400;\" src=\"https:\/\/i0.wp.com\/smboutique.online\/wp-content\/uploads\/2025\/09\/IMG_2702-scaled-e1756771008264-235x300.jpg?resize=225%2C287&#038;ssl=1\" alt=\"\" width=\"225\" height=\"287\" srcset=\"https:\/\/i0.wp.com\/smboutique.online\/wp-content\/uploads\/2025\/09\/IMG_2702-scaled-e1756771008264.jpg?resize=235%2C300&amp;ssl=1 235w, https:\/\/i0.wp.com\/smboutique.online\/wp-content\/uploads\/2025\/09\/IMG_2702-scaled-e1756771008264.jpg?resize=600%2C767&amp;ssl=1 600w, https:\/\/i0.wp.com\/smboutique.online\/wp-content\/uploads\/2025\/09\/IMG_2702-scaled-e1756771008264.jpg?resize=801%2C1024&amp;ssl=1 801w, https:\/\/i0.wp.com\/smboutique.online\/wp-content\/uploads\/2025\/09\/IMG_2702-scaled-e1756771008264.jpg?resize=768%2C981&amp;ssl=1 768w, https:\/\/i0.wp.com\/smboutique.online\/wp-content\/uploads\/2025\/09\/IMG_2702-scaled-e1756771008264.jpg?resize=1202%2C1536&amp;ssl=1 1202w, https:\/\/i0.wp.com\/smboutique.online\/wp-content\/uploads\/2025\/09\/IMG_2702-scaled-e1756771008264.jpg?resize=1603%2C2048&amp;ssl=1 1603w, https:\/\/i0.wp.com\/smboutique.online\/wp-content\/uploads\/2025\/09\/IMG_2702-scaled-e1756771008264.jpg?resize=9%2C12&amp;ssl=1 9w, https:\/\/i0.wp.com\/smboutique.online\/wp-content\/uploads\/2025\/09\/IMG_2702-scaled-e1756771008264.jpg?w=1847&amp;ssl=1 1847w\" sizes=\"(max-width: 225px) 100vw, 225px\" \/><\/h1>\n<h1 style=\"text-align: center;\">\ud83d\udc51 \u0637\u0642\u0645 \u0627\u0644\u0645\u0644\u0643\u0629 \u2013 \u0641\u062e\u0627\u0645\u0629<\/h1>\n<p>&nbsp;<\/p>\n<h1 style=\"text-align: center;\">\u0645\u0629 \u062a\u0644\u064a\u0642 \u0628\u0643\u0650<\/h1>\n<p style=\"text-align: center;\"><strong>\u0644\u0623\u0646\u0643\u0650 \u062a\u0633\u062a\u062d\u0642\u064a\u0646 \u0627\u0644\u062a\u0645\u064a\u0632\u2026 \u0635\u064f\u0645\u0645\u00a0\u0637\u0642\u0645 \u0627\u0644\u0645\u0644\u0643\u0629 \u0644\u064a\u062c\u0645\u0639 \u0628\u064a\u0646 \u0627\u0644\u0623\u0646\u0627\u0642\u0629 \u0627\u0644\u0631\u0627\u0642\u064a\u0629 \u0648\u0627\u0644\u0641\u062e\u0627\u0645\u0629 \u0627\u0644\u0639\u0635\u0631\u064a\u0629<\/strong><br data-start=\"213\" data-end=\"216\" \/><strong>\u0643\u0644 \u0642\u0637\u0639\u0629 \u0641\u064a \u0647\u0630\u0627 \u0627\u0644\u0637\u0642\u0645 \u062a\u062d\u0645\u0644 \u0644\u0645\u0633\u0629 \u0645\u0644\u0648\u0643\u064a\u0629 \u062e\u0627\u0635\u0629\u060c \u062a\u062c\u0639\u0644 \u062d\u0636\u0648\u0631\u0643\u0650 \u0641\u064a \u0623\u064a \u0645\u0646\u0627\u0633\u0628\u0629 \u0627\u0633\u062a\u062b\u0646\u0627\u0626\u064a\u064b\u0627<\/strong><\/p>\n<h1 style=\"text-align: center;\">\u2728 \u0645\u0645\u064a\u0632\u0627\u062a \u0627\u0644\u0637\u0642\u0645<\/h1>\n<p style=\"text-align: right;\" data-start=\"324\" data-end=\"379\"><strong>\u062a\u0635\u0645\u064a\u0645 \u0645\u0644\u0643\u064a \u0641\u0627\u062e\u0631 \u0645\u0633\u062a\u0648\u062d\u0649 \u0645\u0646 \u0623\u0646\u0627\u0642\u0629 \u0627\u0644\u0645\u0644\u0648\u0643 \u0648\u0627\u0644\u0623\u0645\u064a\u0631\u0627\u062a<\/strong><\/p>\n<p style=\"text-align: right;\" data-start=\"382\" data-end=\"449\"><strong>\u062e\u0627\u0645\u0627\u062a \u0639\u0627\u0644\u064a\u0629 \u0627\u0644\u062c\u0648\u062f\u0629 \u0645\u0646 \u0627\u0644\u0630\u0647\u0628 \u0627\u0644\u0645\u0645\u0632\u0648\u062c \u0628\u0644\u0645\u0633\u0629 \u0628\u0631\u0627\u0642\u0629 \u062a\u0639\u0643\u0633 \u0627\u0644\u0641\u062e\u0627\u0645\u0629<\/strong><\/p>\n<p style=\"text-align: right;\" data-start=\"452\" data-end=\"504\"><strong>\u0644\u0624\u0644\u0624 \u0637\u0628\u064a\u0639\u064a \u0648\u062c\u0648\u0627\u0647\u0631 \u0644\u0627\u0645\u0639\u0629 \u062a\u0636\u064a\u0641 \u0625\u0634\u0631\u0627\u0642\u0629 \u0644\u0627 \u062a\u064f\u0642\u0627\u0648\u0645<\/strong><\/p>\n<p style=\"text-align: right;\" data-start=\"507\" data-end=\"563\"><strong>\u064a\u062a\u0643\u0648\u0646 \u0645\u0646: \u0639\u0642\u062f \u0623\u0646\u064a\u0642 \u2013 \u0623\u0642\u0631\u0627\u0637 \u0645\u062a\u0646\u0627\u0633\u0642\u0629 \u2013 \u062e\u0627\u062a\u0645 \u0628\u062a\u0635\u0645\u064a\u0645 \u0641\u0627\u062e\u0631<\/strong><\/p>\n<h1 style=\"text-align: center;\">\ud83c\udf81 \u0645\u062b\u0627\u0644\u064a \u0644\u0640<\/h1>\n<p style=\"text-align: right;\"><strong>\u0627\u0644\u0645\u0646\u0627\u0633\u0628\u0627\u062a \u0627\u0644\u0631\u0633\u0645\u064a\u0629 \u0648\u062d\u0641\u0644\u0627\u062a \u0627\u0644\u0632\u0641\u0627\u0641 *\u00a0<\/strong><\/p>\n<p style=\"text-align: right;\"><strong>\u0647\u062f\u064a\u0629 \u0641\u0627\u062e\u0631\u0629 \u0644\u0634\u062e\u0635\u064a\u0629 \u0645\u0645\u064a\u0632\u0629 \u0641\u064a \u062d\u064a\u0627\u062a\u0643 *<\/strong><\/p>\n<p style=\"text-align: right;\"><strong>\u0625\u0637\u0644\u0627\u0644\u0629 \u0631\u0627\u0642\u064a\u0629 \u062a\u064f\u0638\u0647\u0631 \u0623\u0646\u0648\u062b\u062a\u0643\u0650 \u0648\u062c\u0645\u0627\u0644\u0643\u0650 *<\/strong><\/p>\n<h1 style=\"text-align: right;\" data-start=\"700\" data-end=\"771\">\u2728 \u0645\u0639\u00a0<strong data-start=\"705\" data-end=\"719\">\u0637\u0642\u0645 \u0627\u0644\u0645\u0644\u0643\u0629<\/strong> \u0644\u0646 \u062a\u0643\u0648\u0646\u064a \u0645\u062c\u0631\u062f \u0623\u0646\u064a\u0642\u0629\u2026 \u0628\u0644 \u0633\u062a\u0643\u0648\u0646\u064a\u0646 \u0645\u062d\u0637 \u0623\u0646\u0638\u0627\u0631 \u0627\u0644\u062c\u0645\u064a\u0639<\/h1>\n<p>&nbsp;<\/p>\n<h2 data-start=\"95\" data-end=\"142\">\ud83d\udc51 Parure La Reine \u2013 Un Luxe Digne de Vous<\/h2>\n<p data-start=\"143\" data-end=\"407\">Parce que vous m\u00e9ritez l\u2019exceptionnel\u2026 La\u00a0<strong data-start=\"185\" data-end=\"204\">Parure La Reine<\/strong>\u00a0a \u00e9t\u00e9 cr\u00e9\u00e9e pour allier \u00e9l\u00e9gance raffin\u00e9e et modernit\u00e9 luxueuse.<br data-start=\"269\" data-end=\"272\" \/>Chaque pi\u00e8ce de cette parure porte une touche royale unique, faisant de votre pr\u00e9sence un moment inoubliable lors de chaque occasion.<\/p>\n<h3 data-start=\"409\" data-end=\"448\">\u2728 Caract\u00e9ristiques de la parure :<\/h3>\n<ul data-start=\"449\" data-end=\"804\">\n<li data-start=\"449\" data-end=\"531\">\n<p data-start=\"451\" data-end=\"531\"><strong data-start=\"451\" data-end=\"481\">Un design royal et raffin\u00e9<\/strong>\u00a0inspir\u00e9 de l\u2019\u00e9l\u00e9gance des reines et princesses.<\/p>\n<\/li>\n<li data-start=\"532\" data-end=\"625\">\n<p data-start=\"534\" data-end=\"625\"><strong data-start=\"534\" data-end=\"568\">Des mat\u00e9riaux de haute qualit\u00e9<\/strong>\u00a0avec une finition dor\u00e9e \u00e9clatante qui refl\u00e8te le luxe.<\/p>\n<\/li>\n<li data-start=\"626\" data-end=\"708\">\n<p data-start=\"628\" data-end=\"708\"><strong data-start=\"628\" data-end=\"673\">Perles naturelles et pierres \u00e9tincelantes<\/strong>\u00a0pour une brillance irr\u00e9sistible.<\/p>\n<\/li>\n<li data-start=\"709\" data-end=\"804\">\n<p data-start=\"711\" data-end=\"804\">Compos\u00e9e d\u2019un collier \u00e9l\u00e9gant, de boucles d\u2019oreilles assorties et d\u2019une bague sophistiqu\u00e9e.<\/p>\n<\/li>\n<\/ul>\n<h3 data-start=\"806\" data-end=\"828\">\ud83c\udf81 Id\u00e9ale pour :<\/h3>\n<ul data-start=\"829\" data-end=\"997\">\n<li data-start=\"829\" data-end=\"876\">\n<p data-start=\"831\" data-end=\"876\">Les c\u00e9r\u00e9monies officielles et les mariages.<\/p>\n<\/li>\n<li data-start=\"877\" data-end=\"927\">\n<p data-start=\"879\" data-end=\"927\">Un cadeau prestigieux pour une personne ch\u00e8re.<\/p>\n<\/li>\n<li data-start=\"928\" data-end=\"997\">\n<p data-start=\"930\" data-end=\"997\">Un look raffin\u00e9 qui met en valeur votre f\u00e9minit\u00e9 et votre beaut\u00e9.<\/p>\n<\/li>\n<\/ul>\n<p data-start=\"999\" data-end=\"1116\">\u2728 Avec la\u00a0<strong data-start=\"1009\" data-end=\"1028\">Parure La Reine<\/strong>, vous ne serez pas seulement \u00e9l\u00e9gante\u2026 vous serez le centre de toutes les attentions.<\/p>","protected":false},"excerpt":{"rendered":"<p>\u00a0 \u00a0 \u00a0 \u00a0 \u00a0 \u00a0 \u00a0 \u00a0 \u00a0 \u00a0 \u00a0 \u00a0 \u00a0 \u00a0 \u00a0 \u00a0 \u00a0 \u00a0 \u00a0 \u00a0 \u00a0 \u00a0 \u00a0 \u00a0 \u00a0 \u00a0 \u00a0 \u00a0 \u00a0 \u00a0 \ud83d\udc51 \u0637\u0642\u0645 \u0627\u0644\u0645\u0644\u0643\u0629 \u2013 \u0641\u062e\u0627\u0645\u0629 &nbsp; \u0645\u0629 \u062a\u0644\u064a\u0642 \u0628\u0643\u0650 \u0644\u0623\u0646\u0643\u0650 \u062a\u0633\u062a\u062d\u0642\u064a\u0646 \u0627\u0644\u062a\u0645\u064a\u0632\u2026 \u0635\u064f\u0645\u0645\u00a0\u0637\u0642\u0645 \u0627\u0644\u0645\u0644\u0643\u0629 \u0644\u064a\u062c\u0645\u0639 \u0628\u064a\u0646 \u0627\u0644\u0623\u0646\u0627\u0642\u0629 \u0627\u0644\u0631\u0627\u0642\u064a\u0629 \u0648\u0627\u0644\u0641\u062e\u0627\u0645\u0629 \u0627\u0644\u0639\u0635\u0631\u064a\u0629\u0643\u0644 \u0642\u0637\u0639\u0629 \u0641\u064a \u0647\u0630\u0627 \u0627\u0644\u0637\u0642\u0645 \u062a\u062d\u0645\u0644 [&hellip;]<\/p>\n","protected":false},"featured_media":5066,"template":"","meta":{"site-sidebar-layout":"default","site-content-layout":"","ast-site-content-layout":"default","site-content-style":"default","site-sidebar-style":"default","ast-global-header-display":"","ast-banner-title-visibility":"","ast-main-header-display":"","ast-hfb-above-header-display":"","ast-hfb-below-header-display":"","ast-hfb-mobile-header-display":"","site-post-title":"","ast-breadcrumbs-content":"","ast-featured-img":"","footer-sml-layout":"","ast-disable-related-posts":"","theme-transparent-header-meta":"default","adv-header-id-meta":"","stick-header-meta":"","header-above-stick-meta":"","header-main-stick-meta":"","header-below-stick-meta":"","astra-migrate-meta-layouts":"set","ast-page-background-enabled":"default","ast-page-background-meta":{"desktop":{"background-color":"","background-image":"","background-repeat":"repeat","background-position":"center center","background-size":"auto","background-attachment":"scroll","background-type":"","background-media":"","overlay-type":"","overlay-color":"","overlay-opacity":"","overlay-gradient":""},"tablet":{"background-color":"","background-image":"","background-repeat":"repeat","background-position":"center center","background-size":"auto","background-attachment":"scroll","background-type":"","background-media":"","overlay-type":"","overlay-color":"","overlay-opacity":"","overlay-gradient":""},"mobile":{"background-color":"","background-image":"","background-repeat":"repeat","background-position":"center center","background-size":"auto","background-attachment":"scroll","background-type":"","background-media":"","overlay-type":"","overlay-color":"","overlay-opacity":"","overlay-gradient":""}},"ast-content-background-meta":{"desktop":{"background-color":"var(--ast-global-color-5)","background-image":"","background-repeat":"repeat","background-position":"center center","background-size":"auto","background-attachment":"scroll","background-type":"","background-media":"","overlay-type":"","overlay-color":"","overlay-opacity":"","overlay-gradient":""},"tablet":{"background-color":"var(--ast-global-color-5)","background-image":"","background-repeat":"repeat","background-position":"center center","background-size":"auto","background-attachment":"scroll","background-type":"","background-media":"","overlay-type":"","overlay-color":"","overlay-opacity":"","overlay-gradient":""},"mobile":{"background-color":"var(--ast-global-color-5)","background-image":"","background-repeat":"repeat","background-position":"center center","background-size":"auto","background-attachment":"scroll","background-type":"","background-media":"","overlay-type":"","overlay-color":"","overlay-opacity":"","overlay-gradient":""}}},"product_brand":[],"product_cat":[15],"product_tag":[],"class_list":{"0":"post-5065","1":"product","2":"type-product","3":"status-publish","4":"has-post-thumbnail","6":"product_cat-fammes","7":"desktop-align-left","8":"tablet-align-left","9":"mobile-align-left","11":"first","12":"instock","13":"taxable","14":"shipping-taxable","15":"purchasable","16":"product-type-simple"},"jetpack_sharing_enabled":true,"_links":{"self":[{"href":"https:\/\/smboutique.online\/ar\/wp-json\/wp\/v2\/product\/5065","targetHints":{"allow":["GET"]}}],"collection":[{"href":"https:\/\/smboutique.online\/ar\/wp-json\/wp\/v2\/product"}],"about":[{"href":"https:\/\/smboutique.online\/ar\/wp-json\/wp\/v2\/types\/product"}],"version-history":[{"count":4,"href":"https:\/\/smboutique.online\/ar\/wp-json\/wp\/v2\/product\/5065\/revisions"}],"predecessor-version":[{"id":5166,"href":"https:\/\/smboutique.online\/ar\/wp-json\/wp\/v2\/product\/5065\/revisions\/5166"}],"wp:featuredmedia":[{"embeddable":true,"href":"https:\/\/smboutique.online\/ar\/wp-json\/wp\/v2\/media\/5066"}],"wp:attachment":[{"href":"https:\/\/smboutique.online\/ar\/wp-json\/wp\/v2\/media?parent=5065"}],"wp:term":[{"taxonomy":"product_brand","embeddable":true,"href":"https:\/\/smboutique.online\/ar\/wp-json\/wp\/v2\/product_brand?post=5065"},{"taxonomy":"product_cat","embeddable":true,"href":"https:\/\/smboutique.online\/ar\/wp-json\/wp\/v2\/product_cat?post=5065"},{"taxonomy":"product_tag","embeddable":true,"href":"https:\/\/smboutique.online\/ar\/wp-json\/wp\/v2\/product_tag?post=5065"}],"curies":[{"name":"wp","href":"https:\/\/api.w.org\/{rel}","templated":true}]}}