{"id":5057,"date":"2025-08-31T18:08:03","date_gmt":"2025-08-31T18:08:03","guid":{"rendered":"https:\/\/smboutique.online\/?post_type=product&#038;p=5057"},"modified":"2025-08-31T21:50:40","modified_gmt":"2025-08-31T21:50:40","slug":"%d8%ad%d8%a7%d9%85%d9%84-%d9%87%d8%a7%d8%aa%d9%81-%d9%84%d9%84%d8%b3%d9%8a%d8%a7%d8%b1%d8%a9-360","status":"publish","type":"product","link":"https:\/\/smboutique.online\/ar\/product\/%d8%ad%d8%a7%d9%85%d9%84-%d9%87%d8%a7%d8%aa%d9%81-%d9%84%d9%84%d8%b3%d9%8a%d8%a7%d8%b1%d8%a9-360\/","title":{"rendered":"&#8220;\u062d\u0627\u0645\u0644 \u0647\u0627\u062a\u0641 \u0644\u0644\u0633\u064a\u0627\u0631\u0629 360\u00b0&#8221;"},"content":{"rendered":"<h1><\/h1>\n<h1>\u00a0 \u00a0 \u00a0 \u00a0 \u00a0 \u00a0 \u00a0 \u00a0 \u00a0 \u00a0 \u00a0 \u00a0 \u00a0 \u00a0 \u00a0 \u00a0 \u00a0 \u00a0 \u00a0 \u00a0 \u00a0 \u00a0 \u00a0 \u00a0 \u00a0 \u00a0 \u00a0 \u00a0 <img data-recalc-dims=\"1\" fetchpriority=\"high\" decoding=\"async\" class=\"alignnone size-medium wp-image-5059\" src=\"https:\/\/i0.wp.com\/smboutique.online\/wp-content\/uploads\/2025\/08\/IMG_2984.jpg?resize=300%2C300&#038;ssl=1\" alt=\"\" width=\"300\" height=\"300\" srcset=\"https:\/\/i0.wp.com\/smboutique.online\/wp-content\/uploads\/2025\/08\/IMG_2984.jpg?resize=300%2C300&amp;ssl=1 300w, https:\/\/i0.wp.com\/smboutique.online\/wp-content\/uploads\/2025\/08\/IMG_2984.jpg?resize=100%2C100&amp;ssl=1 100w, https:\/\/i0.wp.com\/smboutique.online\/wp-content\/uploads\/2025\/08\/IMG_2984.jpg?resize=150%2C150&amp;ssl=1 150w, https:\/\/i0.wp.com\/smboutique.online\/wp-content\/uploads\/2025\/08\/IMG_2984.jpg?resize=12%2C12&amp;ssl=1 12w, https:\/\/i0.wp.com\/smboutique.online\/wp-content\/uploads\/2025\/08\/IMG_2984.jpg?w=360&amp;ssl=1 360w\" sizes=\"(max-width: 300px) 100vw, 300px\" \/><\/h1>\n<h1 style=\"text-align: center;\"><strong data-start=\"258\" data-end=\"343\">\u062d\u0627\u0645\u0644 \u0633\u064a\u0627\u0631\u0629 \u0645\u062a\u0639\u062f\u062f \u0627\u0644\u0627\u0633\u062a\u062e\u062f\u0627\u0645\u0627\u062a \u0644\u0644\u0647\u0627\u062a\u0641 \u0627\u0644\u0645\u062d\u0645\u0648\u0644 \u2013 \u062f\u0648\u0651\u0627\u0631 360\u00b0 \u0628\u062a\u0635\u0645\u064a\u0645 \u0623\u0646\u064a\u0642 \u0648 \u0645\u062e\u062a\u0644\u0641\u00a0<\/strong><\/h1>\n<h3 style=\"text-align: right;\" data-start=\"533\" data-end=\"566\"><\/h3>\n<p>&nbsp;<\/p>\n<h3 style=\"text-align: right;\" data-start=\"567\" data-end=\"1026\">\u0627\u0645\u0646\u062d \u0633\u064a\u0627\u0631\u062a\u0643 \u0644\u0645\u0633\u0629 \u0645\u0646 \u0627\u0644\u0623\u0646\u0627\u0642\u0629 \u0648\u0627\u0644\u0639\u0645\u0644\u064a\u0629 \u0645\u0639\u00a0<strong data-start=\"607\" data-end=\"652\">\u0627\u0644\u062d\u0627\u0645\u0644 \u0627\u0644\u0645\u062a\u0639\u062f\u062f \u0627\u0644\u0627\u0633\u062a\u062e\u062f\u0627\u0645\u0627\u062a \u0644\u0644\u0647\u0627\u062a\u0641 \u0627\u0644\u0645\u062d\u0645\u0648\u0644<\/strong>.<br data-start=\"653\" data-end=\"656\" \/>\u2714\ufe0f\u00a0<strong data-start=\"659\" data-end=\"673\">\u062a\u0635\u0645\u064a\u0645 \u0641\u0627\u062e\u0631<\/strong>\u00a0\u0639\u0644\u0649 \u0634\u0643\u0644 \u0628\u062c\u0639\u0629 \u064a\u0636\u064a\u0641 \u0645\u0638\u0647\u0631\u064b\u0627 \u0623\u0646\u064a\u0642\u064b\u0627 \u0644\u0644\u0633\u064a\u0627\u0631\u0629.<br data-start=\"714\" data-end=\"717\" \/>\u2714\ufe0f\u00a0<strong data-start=\"720\" data-end=\"734\">\u062f\u0648\u0631\u0627\u0646 360\u00b0<\/strong>\u00a0\u064a\u062a\u064a\u062d \u0644\u0643 \u0636\u0628\u0637 \u0627\u0644\u0647\u0627\u062a\u0641 \u0641\u064a \u0627\u0644\u0632\u0627\u0648\u064a\u0629 \u0627\u0644\u0645\u062b\u0627\u0644\u064a\u0629 \u0644\u0644\u0645\u0643\u0627\u0644\u0645\u0627\u062a \u0623\u0648 \u0627\u0644\u0645\u0644\u0627\u062d\u0629.<br data-start=\"795\" data-end=\"798\" \/>\u2714\ufe0f\u00a0<strong data-start=\"801\" data-end=\"824\">\u0633\u0637\u062d ABS \u0639\u0627\u0644\u064a \u0627\u0644\u062c\u0648\u062f\u0629<\/strong>\u00a0\u064a\u0645\u0646\u062d \u062b\u0628\u0627\u062a\u064b\u0627 \u0642\u0648\u064a\u064b\u0627 \u0648\u0622\u0645\u0646\u064b\u0627 \u062d\u062a\u0649 \u0641\u064a \u0627\u0644\u0637\u0631\u0642 \u063a\u064a\u0631 \u0627\u0644\u0645\u0633\u062a\u0648\u064a\u0629.<br data-start=\"876\" data-end=\"879\" \/>\u2714\ufe0f \u064a\u0639\u0645\u0644 \u0643\u0640\u00a0<strong data-start=\"890\" data-end=\"912\">\u0645\u0646\u0638\u0645 \u0644\u0644\u0648\u062d\u0629 \u0627\u0644\u0642\u064a\u0627\u062f\u0629<\/strong>\u00a0\u0644\u062a\u062e\u0632\u064a\u0646 \u0627\u0644\u0623\u062f\u0648\u0627\u062a \u0648\u0627\u0644\u0625\u0643\u0633\u0633\u0648\u0627\u0631\u0627\u062a \u0627\u0644\u0635\u063a\u064a\u0631\u0629.<br data-start=\"949\" data-end=\"952\" \/>\u2714\ufe0f \u0645\u062b\u0627\u0644\u064a \u0644\u0645\u0627\u0644\u0643\u064a \u0627\u0644\u0633\u064a\u0627\u0631\u0627\u062a \u0648\u0627\u0644\u0633\u0627\u0626\u0642\u064a\u0646 \u0627\u0644\u0645\u062d\u062a\u0631\u0641\u064a\u0646 \u0627\u0644\u0628\u0627\u062d\u062b\u064a\u0646 \u0639\u0646 \u0627\u0644\u0631\u0627\u062d\u0629 \u0648\u0627\u0644\u0623\u0645\u0627\u0646.<\/h3>\n<h3 style=\"text-align: right;\" data-start=\"1028\" data-end=\"1105\">\ud83d\udca1 \u0645\u0646\u062a\u062c \u064a\u062c\u0645\u0639 \u0628\u064a\u0646\u00a0<strong data-start=\"1045\" data-end=\"1073\">\u0627\u0644\u062c\u0645\u0627\u0644\u060c \u0627\u0644\u0639\u0645\u0644\u064a\u0629\u060c \u0648\u0627\u0644\u0623\u0645\u0627\u0646<\/strong>\u00a0\u0644\u064a\u062c\u0639\u0644 \u0631\u062d\u0644\u0627\u062a\u0643 \u0623\u0643\u062b\u0631 \u0645\u062a\u0639\u0629 \u0648\u0631\u0627\u062d\u0629.<\/h3>\n<p>&nbsp;<\/p>\n<h3>Support multifonction pour voiture et t\u00e9l\u00e9phone portable, support rotatif \u00e0 360\u00b0 en forme de cygne. Tapis ABS pour tableau de bord, organisateur de tableau de bord, rangement v\u00e9hicule, porte-t\u00e9l\u00e9phone compact, accessoire \u00e9l\u00e9gant, tapis haute qualit\u00e9, adh\u00e9rence s\u00e9curis\u00e9e, support pour instruments, id\u00e9al pour propri\u00e9taires de voitures et conducteurs professionnels.<\/h3>","protected":false},"excerpt":{"rendered":"<p>\u00a0 \u00a0 \u00a0 \u00a0 \u00a0 \u00a0 \u00a0 \u00a0 \u00a0 \u00a0 \u00a0 \u00a0 \u00a0 \u00a0 \u00a0 \u00a0 \u00a0 \u00a0 \u00a0 \u00a0 \u00a0 \u00a0 \u00a0 \u00a0 \u00a0 \u00a0 \u00a0 \u00a0 \u062d\u0627\u0645\u0644 \u0633\u064a\u0627\u0631\u0629 \u0645\u062a\u0639\u062f\u062f \u0627\u0644\u0627\u0633\u062a\u062e\u062f\u0627\u0645\u0627\u062a \u0644\u0644\u0647\u0627\u062a\u0641 \u0627\u0644\u0645\u062d\u0645\u0648\u0644 \u2013 \u062f\u0648\u0651\u0627\u0631 360\u00b0 \u0628\u062a\u0635\u0645\u064a\u0645 \u0623\u0646\u064a\u0642 \u0648 \u0645\u062e\u062a\u0644\u0641\u00a0 &nbsp; \u0627\u0645\u0646\u062d \u0633\u064a\u0627\u0631\u062a\u0643 \u0644\u0645\u0633\u0629 \u0645\u0646 \u0627\u0644\u0623\u0646\u0627\u0642\u0629 \u0648\u0627\u0644\u0639\u0645\u0644\u064a\u0629 \u0645\u0639\u00a0\u0627\u0644\u062d\u0627\u0645\u0644 \u0627\u0644\u0645\u062a\u0639\u062f\u062f \u0627\u0644\u0627\u0633\u062a\u062e\u062f\u0627\u0645\u0627\u062a \u0644\u0644\u0647\u0627\u062a\u0641 \u0627\u0644\u0645\u062d\u0645\u0648\u0644.\u2714\ufe0f\u00a0\u062a\u0635\u0645\u064a\u0645 \u0641\u0627\u062e\u0631\u00a0\u0639\u0644\u0649 \u0634\u0643\u0644 [&hellip;]<\/p>\n","protected":false},"featured_media":5061,"template":"","meta":{"site-sidebar-layout":"default","site-content-layout":"","ast-site-content-layout":"default","site-content-style":"default","site-sidebar-style":"default","ast-global-header-display":"","ast-banner-title-visibility":"","ast-main-header-display":"","ast-hfb-above-header-display":"","ast-hfb-below-header-display":"","ast-hfb-mobile-header-display":"","site-post-title":"","ast-breadcrumbs-content":"","ast-featured-img":"","footer-sml-layout":"","ast-disable-related-posts":"","theme-transparent-header-meta":"default","adv-header-id-meta":"","stick-header-meta":"","header-above-stick-meta":"","header-main-stick-meta":"","header-below-stick-meta":"","astra-migrate-meta-layouts":"set","ast-page-background-enabled":"default","ast-page-background-meta":{"desktop":{"background-color":"","background-image":"","background-repeat":"repeat","background-position":"center center","background-size":"auto","background-attachment":"scroll","background-type":"","background-media":"","overlay-type":"","overlay-color":"","overlay-opacity":"","overlay-gradient":""},"tablet":{"background-color":"","background-image":"","background-repeat":"repeat","background-position":"center center","background-size":"auto","background-attachment":"scroll","background-type":"","background-media":"","overlay-type":"","overlay-color":"","overlay-opacity":"","overlay-gradient":""},"mobile":{"background-color":"","background-image":"","background-repeat":"repeat","background-position":"center center","background-size":"auto","background-attachment":"scroll","background-type":"","background-media":"","overlay-type":"","overlay-color":"","overlay-opacity":"","overlay-gradient":""}},"ast-content-background-meta":{"desktop":{"background-color":"var(--ast-global-color-5)","background-image":"","background-repeat":"repeat","background-position":"center center","background-size":"auto","background-attachment":"scroll","background-type":"","background-media":"","overlay-type":"","overlay-color":"","overlay-opacity":"","overlay-gradient":""},"tablet":{"background-color":"var(--ast-global-color-5)","background-image":"","background-repeat":"repeat","background-position":"center center","background-size":"auto","background-attachment":"scroll","background-type":"","background-media":"","overlay-type":"","overlay-color":"","overlay-opacity":"","overlay-gradient":""},"mobile":{"background-color":"var(--ast-global-color-5)","background-image":"","background-repeat":"repeat","background-position":"center center","background-size":"auto","background-attachment":"scroll","background-type":"","background-media":"","overlay-type":"","overlay-color":"","overlay-opacity":"","overlay-gradient":""}}},"product_brand":[],"product_cat":[61],"product_tag":[],"class_list":{"0":"post-5057","1":"product","2":"type-product","3":"status-publish","4":"has-post-thumbnail","6":"product_cat-cars","7":"desktop-align-left","8":"tablet-align-left","9":"mobile-align-left","11":"first","12":"instock","13":"taxable","14":"shipping-taxable","15":"purchasable","16":"product-type-simple"},"jetpack_sharing_enabled":true,"_links":{"self":[{"href":"https:\/\/smboutique.online\/ar\/wp-json\/wp\/v2\/product\/5057","targetHints":{"allow":["GET"]}}],"collection":[{"href":"https:\/\/smboutique.online\/ar\/wp-json\/wp\/v2\/product"}],"about":[{"href":"https:\/\/smboutique.online\/ar\/wp-json\/wp\/v2\/types\/product"}],"version-history":[{"count":3,"href":"https:\/\/smboutique.online\/ar\/wp-json\/wp\/v2\/product\/5057\/revisions"}],"predecessor-version":[{"id":5060,"href":"https:\/\/smboutique.online\/ar\/wp-json\/wp\/v2\/product\/5057\/revisions\/5060"}],"wp:featuredmedia":[{"embeddable":true,"href":"https:\/\/smboutique.online\/ar\/wp-json\/wp\/v2\/media\/5061"}],"wp:attachment":[{"href":"https:\/\/smboutique.online\/ar\/wp-json\/wp\/v2\/media?parent=5057"}],"wp:term":[{"taxonomy":"product_brand","embeddable":true,"href":"https:\/\/smboutique.online\/ar\/wp-json\/wp\/v2\/product_brand?post=5057"},{"taxonomy":"product_cat","embeddable":true,"href":"https:\/\/smboutique.online\/ar\/wp-json\/wp\/v2\/product_cat?post=5057"},{"taxonomy":"product_tag","embeddable":true,"href":"https:\/\/smboutique.online\/ar\/wp-json\/wp\/v2\/product_tag?post=5057"}],"curies":[{"name":"wp","href":"https:\/\/api.w.org\/{rel}","templated":true}]}}