{"id":4857,"date":"2025-08-04T23:10:18","date_gmt":"2025-08-04T23:10:18","guid":{"rendered":"https:\/\/smboutique.online\/?post_type=product&#038;p=4857"},"modified":"2025-08-04T23:11:01","modified_gmt":"2025-08-04T23:11:01","slug":"%e2%9c%a8-parure-thahabia-%d8%b7%d9%82%d9%85-%d8%b0%d9%87%d8%a8%d9%8a%d8%a9-%e2%9c%a8","status":"publish","type":"product","link":"https:\/\/smboutique.online\/ar\/product\/%e2%9c%a8-parure-thahabia-%d8%b7%d9%82%d9%85-%d8%b0%d9%87%d8%a8%d9%8a%d8%a9-%e2%9c%a8\/","title":{"rendered":"\u2728  parure Thahabia \u0637\u0642\u0645 \u0630\u0647\u0628\u064a\u0629 \u2728"},"content":{"rendered":"<p style=\"text-align: center;\"><span style=\"font-family: 'times new roman', times, serif; font-size: 24pt;\">\u2728 parure Thahabia \u0637\u0642\u0645 \u0630\u0647\u0628\u064a\u0629 \u2728<\/span><\/p>\n<hr data-start=\"101\" data-end=\"104\" \/>\n<p data-start=\"106\" data-end=\"187\"><strong data-start=\"106\" data-end=\"112\">1.<\/strong><br data-start=\"112\" data-end=\"115\" \/><span style=\"font-size: 14pt;\"><strong>\u2728 \u0623\u0646\u0627\u0642\u062a\u0643\u0650 \u062a\u0628\u062f\u0623 \u0645\u0646 \u0627\u0644\u062a\u0641\u0627\u0635\u064a\u0644<\/strong><\/span><br data-start=\"141\" data-end=\"144\" \/><span style=\"font-size: 14pt;\"><strong>\u2728\u00a0<em data-start=\"146\" data-end=\"187\">Votre \u00e9l\u00e9gance commence par les d\u00e9tails<\/em><\/strong><\/span><\/p>\n<hr data-start=\"189\" data-end=\"192\" \/>\n<p data-start=\"194\" data-end=\"254\"><span style=\"font-size: 14pt;\"><strong data-start=\"194\" data-end=\"200\">2.<\/strong><\/span><br data-start=\"200\" data-end=\"203\" \/><span style=\"font-size: 14pt;\"><strong>\u0633\u062d\u0631 \u0630\u0647\u0628\u064a \u0644\u0627 \u064a\u0642\u0627\u0648\u0645 \u2728<\/strong><\/span><br data-start=\"222\" data-end=\"225\" \/><span style=\"font-size: 14pt;\"><strong>Un charme dor\u00e9 irr\u00e9sistible \u2728<\/strong><\/span><\/p>\n<hr data-start=\"256\" data-end=\"259\" \/>\n<p data-start=\"261\" data-end=\"321\"><span style=\"font-size: 14pt;\"><strong data-start=\"261\" data-end=\"267\">3.<\/strong><\/span><br data-start=\"267\" data-end=\"270\" \/><span style=\"font-size: 14pt;\"><strong>\u0643\u0644 \u0639\u0642\u062f\u0629 \u062a\u062d\u0643\u064a \u0642\u0635\u0629<\/strong><\/span><br data-start=\"286\" data-end=\"289\" \/><span style=\"font-size: 14pt;\"><strong>Chaque n\u0153ud raconte une histoire<\/strong><\/span><\/p>\n<hr data-start=\"323\" data-end=\"326\" \/>\n<p data-start=\"328\" data-end=\"367\"><span style=\"font-size: 14pt;\"><strong data-start=\"328\" data-end=\"334\">4.<\/strong><\/span><br data-start=\"334\" data-end=\"337\" \/><span style=\"font-size: 14pt;\"><strong>\u0627\u0631\u062a\u062f\u064a \u0627\u0644\u0641\u062e\u0627\u0645\u0629<\/strong><\/span><br data-start=\"350\" data-end=\"353\" \/><span style=\"font-size: 14pt;\"><strong>Portez le luxe<\/strong><\/span><\/p>\n<hr data-start=\"369\" data-end=\"372\" \/>\n<p data-start=\"374\" data-end=\"453\"><span style=\"font-size: 14pt;\"><strong data-start=\"374\" data-end=\"380\">5.<\/strong><\/span><br data-start=\"380\" data-end=\"383\" \/><span style=\"font-size: 14pt;\"><strong>\u0644\u0645\u0633\u0629 \u0630\u0647\u0628\u064a\u0629\u060c \u062d\u0636\u0648\u0631 \u0644\u0627 \u064a\u064f\u0646\u0633\u0649<\/strong><\/span><br data-start=\"408\" data-end=\"411\" \/><span style=\"font-size: 14pt;\"><strong>Une touche dor\u00e9e, une pr\u00e9sence inoubliable<\/strong><\/span><\/p>","protected":false},"excerpt":{"rendered":"<p>\u2728 parure Thahabia \u0637\u0642\u0645 \u0630\u0647\u0628\u064a\u0629 \u2728 1.\u2728 \u0623\u0646\u0627\u0642\u062a\u0643\u0650 \u062a\u0628\u062f\u0623 \u0645\u0646 \u0627\u0644\u062a\u0641\u0627\u0635\u064a\u0644\u2728\u00a0Votre \u00e9l\u00e9gance commence par les d\u00e9tails 2.\u0633\u062d\u0631 \u0630\u0647\u0628\u064a \u0644\u0627 \u064a\u0642\u0627\u0648\u0645 \u2728Un charme dor\u00e9 irr\u00e9sistible \u2728 3.\u0643\u0644 \u0639\u0642\u062f\u0629 \u062a\u062d\u0643\u064a \u0642\u0635\u0629Chaque n\u0153ud raconte une histoire 4.\u0627\u0631\u062a\u062f\u064a \u0627\u0644\u0641\u062e\u0627\u0645\u0629Portez le luxe 5.\u0644\u0645\u0633\u0629 \u0630\u0647\u0628\u064a\u0629\u060c \u062d\u0636\u0648\u0631 \u0644\u0627 \u064a\u064f\u0646\u0633\u0649Une touche dor\u00e9e, une pr\u00e9sence inoubliable<\/p>","protected":false},"featured_media":4859,"template":"","meta":{"site-sidebar-layout":"default","site-content-layout":"","ast-site-content-layout":"default","site-content-style":"default","site-sidebar-style":"default","ast-global-header-display":"","ast-banner-title-visibility":"","ast-main-header-display":"","ast-hfb-above-header-display":"","ast-hfb-below-header-display":"","ast-hfb-mobile-header-display":"","site-post-title":"","ast-breadcrumbs-content":"","ast-featured-img":"","footer-sml-layout":"","ast-disable-related-posts":"","theme-transparent-header-meta":"default","adv-header-id-meta":"","stick-header-meta":"","header-above-stick-meta":"","header-main-stick-meta":"","header-below-stick-meta":"","astra-migrate-meta-layouts":"set","ast-page-background-enabled":"default","ast-page-background-meta":{"desktop":{"background-color":"","background-image":"","background-repeat":"repeat","background-position":"center center","background-size":"auto","background-attachment":"scroll","background-type":"","background-media":"","overlay-type":"","overlay-color":"","overlay-opacity":"","overlay-gradient":""},"tablet":{"background-color":"","background-image":"","background-repeat":"repeat","background-position":"center center","background-size":"auto","background-attachment":"scroll","background-type":"","background-media":"","overlay-type":"","overlay-color":"","overlay-opacity":"","overlay-gradient":""},"mobile":{"background-color":"","background-image":"","background-repeat":"repeat","background-position":"center center","background-size":"auto","background-attachment":"scroll","background-type":"","background-media":"","overlay-type":"","overlay-color":"","overlay-opacity":"","overlay-gradient":""}},"ast-content-background-meta":{"desktop":{"background-color":"var(--ast-global-color-5)","background-image":"","background-repeat":"repeat","background-position":"center center","background-size":"auto","background-attachment":"scroll","background-type":"","background-media":"","overlay-type":"","overlay-color":"","overlay-opacity":"","overlay-gradient":""},"tablet":{"background-color":"var(--ast-global-color-5)","background-image":"","background-repeat":"repeat","background-position":"center center","background-size":"auto","background-attachment":"scroll","background-type":"","background-media":"","overlay-type":"","overlay-color":"","overlay-opacity":"","overlay-gradient":""},"mobile":{"background-color":"var(--ast-global-color-5)","background-image":"","background-repeat":"repeat","background-position":"center center","background-size":"auto","background-attachment":"scroll","background-type":"","background-media":"","overlay-type":"","overlay-color":"","overlay-opacity":"","overlay-gradient":""}}},"product_brand":[],"product_cat":[15],"product_tag":[],"class_list":{"0":"post-4857","1":"product","2":"type-product","3":"status-publish","4":"has-post-thumbnail","6":"product_cat-fammes","7":"desktop-align-left","8":"tablet-align-left","9":"mobile-align-left","11":"first","12":"instock","13":"taxable","14":"shipping-taxable","15":"purchasable","16":"product-type-simple"},"jetpack_sharing_enabled":true,"_links":{"self":[{"href":"https:\/\/smboutique.online\/ar\/wp-json\/wp\/v2\/product\/4857","targetHints":{"allow":["GET"]}}],"collection":[{"href":"https:\/\/smboutique.online\/ar\/wp-json\/wp\/v2\/product"}],"about":[{"href":"https:\/\/smboutique.online\/ar\/wp-json\/wp\/v2\/types\/product"}],"version-history":[{"count":2,"href":"https:\/\/smboutique.online\/ar\/wp-json\/wp\/v2\/product\/4857\/revisions"}],"predecessor-version":[{"id":4861,"href":"https:\/\/smboutique.online\/ar\/wp-json\/wp\/v2\/product\/4857\/revisions\/4861"}],"wp:featuredmedia":[{"embeddable":true,"href":"https:\/\/smboutique.online\/ar\/wp-json\/wp\/v2\/media\/4859"}],"wp:attachment":[{"href":"https:\/\/smboutique.online\/ar\/wp-json\/wp\/v2\/media?parent=4857"}],"wp:term":[{"taxonomy":"product_brand","embeddable":true,"href":"https:\/\/smboutique.online\/ar\/wp-json\/wp\/v2\/product_brand?post=4857"},{"taxonomy":"product_cat","embeddable":true,"href":"https:\/\/smboutique.online\/ar\/wp-json\/wp\/v2\/product_cat?post=4857"},{"taxonomy":"product_tag","embeddable":true,"href":"https:\/\/smboutique.online\/ar\/wp-json\/wp\/v2\/product_tag?post=4857"}],"curies":[{"name":"wp","href":"https:\/\/api.w.org\/{rel}","templated":true}]}}