{"id":4619,"date":"2025-06-12T00:14:41","date_gmt":"2025-06-12T00:14:41","guid":{"rendered":"https:\/\/smboutique.online\/?post_type=product&#038;p=4619"},"modified":"2025-06-12T00:14:41","modified_gmt":"2025-06-12T00:14:41","slug":"ikt-wax-stick-75-g","status":"publish","type":"product","link":"https:\/\/smboutique.online\/ar\/product\/ikt-wax-stick-75-g\/","title":{"rendered":"ikt wax stick 75 g"},"content":{"rendered":"<p><img data-recalc-dims=\"1\" fetchpriority=\"high\" decoding=\"async\" class=\"alignnone size-medium wp-image-4623\" src=\"https:\/\/i0.wp.com\/smboutique.online\/wp-content\/uploads\/2025\/06\/3.jpg?resize=300%2C300&#038;ssl=1\" alt=\"\" width=\"300\" height=\"300\" srcset=\"https:\/\/i0.wp.com\/smboutique.online\/wp-content\/uploads\/2025\/06\/3.jpg?resize=300%2C300&amp;ssl=1 300w, https:\/\/i0.wp.com\/smboutique.online\/wp-content\/uploads\/2025\/06\/3.jpg?resize=100%2C100&amp;ssl=1 100w, https:\/\/i0.wp.com\/smboutique.online\/wp-content\/uploads\/2025\/06\/3.jpg?resize=150%2C150&amp;ssl=1 150w, https:\/\/i0.wp.com\/smboutique.online\/wp-content\/uploads\/2025\/06\/3.jpg?resize=12%2C12&amp;ssl=1 12w, https:\/\/i0.wp.com\/smboutique.online\/wp-content\/uploads\/2025\/06\/3.jpg?w=500&amp;ssl=1 500w\" sizes=\"(max-width: 300px) 100vw, 300px\" \/><img data-recalc-dims=\"1\" decoding=\"async\" class=\"alignnone  wp-image-4624\" src=\"https:\/\/i0.wp.com\/smboutique.online\/wp-content\/uploads\/2025\/06\/2.jpg?resize=322%2C322&#038;ssl=1\" alt=\"\" width=\"322\" height=\"322\" srcset=\"https:\/\/i0.wp.com\/smboutique.online\/wp-content\/uploads\/2025\/06\/2.jpg?resize=300%2C300&amp;ssl=1 300w, https:\/\/i0.wp.com\/smboutique.online\/wp-content\/uploads\/2025\/06\/2.jpg?resize=100%2C100&amp;ssl=1 100w, https:\/\/i0.wp.com\/smboutique.online\/wp-content\/uploads\/2025\/06\/2.jpg?resize=150%2C150&amp;ssl=1 150w, https:\/\/i0.wp.com\/smboutique.online\/wp-content\/uploads\/2025\/06\/2.jpg?resize=12%2C12&amp;ssl=1 12w, https:\/\/i0.wp.com\/smboutique.online\/wp-content\/uploads\/2025\/06\/2.jpg?w=500&amp;ssl=1 500w\" sizes=\"(max-width: 322px) 100vw, 322px\" \/><img data-recalc-dims=\"1\" decoding=\"async\" class=\"alignnone size-medium wp-image-4625\" src=\"https:\/\/i0.wp.com\/smboutique.online\/wp-content\/uploads\/2025\/06\/ikt-wax-stick.png?resize=254%2C300&#038;ssl=1\" alt=\"\" width=\"254\" height=\"300\" srcset=\"https:\/\/i0.wp.com\/smboutique.online\/wp-content\/uploads\/2025\/06\/ikt-wax-stick.png?resize=254%2C300&amp;ssl=1 254w, https:\/\/i0.wp.com\/smboutique.online\/wp-content\/uploads\/2025\/06\/ikt-wax-stick.png?resize=10%2C12&amp;ssl=1 10w, https:\/\/i0.wp.com\/smboutique.online\/wp-content\/uploads\/2025\/06\/ikt-wax-stick.png?w=418&amp;ssl=1 418w\" sizes=\"(max-width: 254px) 100vw, 254px\" \/><img data-recalc-dims=\"1\" loading=\"lazy\" decoding=\"async\" class=\"alignnone  wp-image-4627\" src=\"https:\/\/i0.wp.com\/smboutique.online\/wp-content\/uploads\/2025\/06\/WhatsApp-Image-2025-04-06-at-22.57.19-1.jpeg?resize=311%2C311&#038;ssl=1\" alt=\"\" width=\"311\" height=\"311\" srcset=\"https:\/\/i0.wp.com\/smboutique.online\/wp-content\/uploads\/2025\/06\/WhatsApp-Image-2025-04-06-at-22.57.19-1.jpeg?resize=300%2C300&amp;ssl=1 300w, https:\/\/i0.wp.com\/smboutique.online\/wp-content\/uploads\/2025\/06\/WhatsApp-Image-2025-04-06-at-22.57.19-1.jpeg?resize=100%2C100&amp;ssl=1 100w, https:\/\/i0.wp.com\/smboutique.online\/wp-content\/uploads\/2025\/06\/WhatsApp-Image-2025-04-06-at-22.57.19-1.jpeg?resize=600%2C600&amp;ssl=1 600w, https:\/\/i0.wp.com\/smboutique.online\/wp-content\/uploads\/2025\/06\/WhatsApp-Image-2025-04-06-at-22.57.19-1.jpeg?resize=150%2C150&amp;ssl=1 150w, https:\/\/i0.wp.com\/smboutique.online\/wp-content\/uploads\/2025\/06\/WhatsApp-Image-2025-04-06-at-22.57.19-1.jpeg?resize=768%2C768&amp;ssl=1 768w, https:\/\/i0.wp.com\/smboutique.online\/wp-content\/uploads\/2025\/06\/WhatsApp-Image-2025-04-06-at-22.57.19-1.jpeg?resize=12%2C12&amp;ssl=1 12w, https:\/\/i0.wp.com\/smboutique.online\/wp-content\/uploads\/2025\/06\/WhatsApp-Image-2025-04-06-at-22.57.19-1.jpeg?w=1000&amp;ssl=1 1000w\" sizes=\"(max-width: 311px) 100vw, 311px\" \/><img data-recalc-dims=\"1\" decoding=\"async\" class=\"alignnone size-medium wp-image-4625\" src=\"https:\/\/i0.wp.com\/smboutique.online\/wp-content\/uploads\/2025\/06\/ikt-wax-stick.png?resize=254%2C300&#038;ssl=1\" alt=\"\" width=\"254\" height=\"300\" srcset=\"https:\/\/i0.wp.com\/smboutique.online\/wp-content\/uploads\/2025\/06\/ikt-wax-stick.png?resize=254%2C300&amp;ssl=1 254w, https:\/\/i0.wp.com\/smboutique.online\/wp-content\/uploads\/2025\/06\/ikt-wax-stick.png?resize=10%2C12&amp;ssl=1 10w, https:\/\/i0.wp.com\/smboutique.online\/wp-content\/uploads\/2025\/06\/ikt-wax-stick.png?w=418&amp;ssl=1 418w\" sizes=\"(max-width: 254px) 100vw, 254px\" \/><img data-recalc-dims=\"1\" loading=\"lazy\" decoding=\"async\" class=\"alignnone size-medium wp-image-4622\" src=\"https:\/\/i0.wp.com\/smboutique.online\/wp-content\/uploads\/2025\/06\/ikt-1-1.jpg?resize=300%2C300&#038;ssl=1\" alt=\"\" width=\"300\" height=\"300\" srcset=\"https:\/\/i0.wp.com\/smboutique.online\/wp-content\/uploads\/2025\/06\/ikt-1-1.jpg?resize=300%2C300&amp;ssl=1 300w, https:\/\/i0.wp.com\/smboutique.online\/wp-content\/uploads\/2025\/06\/ikt-1-1.jpg?resize=100%2C100&amp;ssl=1 100w, https:\/\/i0.wp.com\/smboutique.online\/wp-content\/uploads\/2025\/06\/ikt-1-1.jpg?resize=150%2C150&amp;ssl=1 150w, https:\/\/i0.wp.com\/smboutique.online\/wp-content\/uploads\/2025\/06\/ikt-1-1.jpg?resize=12%2C12&amp;ssl=1 12w, https:\/\/i0.wp.com\/smboutique.online\/wp-content\/uploads\/2025\/06\/ikt-1-1.jpg?w=500&amp;ssl=1 500w\" sizes=\"(max-width: 300px) 100vw, 300px\" \/><\/p>\n<p style=\"text-align: center;\"><strong>\u00a0\u064a\u0645\u0643\u0646\u0643\u0645 \u062a\u0641\u0642\u062f \u0627\u0644\u0645\u0646\u062a\u062c \u0642\u0628\u0644 \u0627\u0644\u062f\u0641\u0639 \u0644\u062a\u0627\u0643\u062f \u0645\u0646 \u0645\u0635\u062f\u0642\u064a\u062a\u0646\u0627<\/strong><\/p>\n<p style=\"text-align: right;\">\ud83d\udd25\u00a0 ikt wax stick \u0648\u062f\u0651\u0639 \u0627\u0644\u0634\u0639\u0631 \u0627\u0644\u0645\u062a\u0637\u0627\u064a\u0631\ud83d\udd25<br \/>\n\u0639\u0646\u062f\u0643 \u0627\u0644\u062d\u0644 \u0627\u0644\u0633\u062d\u0631\u064a \u0644\u064a \u064a\u062e\u064a\u0644\u0643 \u062f\u064a\u0645\u0627 \u0628\u0634\u0639\u0631 \u0645\u0631\u062a\u0628 \u0648\u0644\u0627\u0645\u0639 \u0628\u0644\u0627 \u0645\u064a\u0643\u0648\u0646 \u062f\u0647\u0646\u064a \u0648\u0644\u0627 \u062b\u0642\u064a\u0644 .<span class=\"html-span xexx8yu xyri2b x18d9i69 x1c1uobl x1hl2dhg x16tdsg8 x1vvkbs x3nfvp2 x1j61x8r x1fcty0u xdj266r xat24cr xm2jcoa x1mpyi22 xxymvpz xlup9mm x1kky2od\"><img loading=\"lazy\" decoding=\"async\" class=\"xz74otr x15mokao x1ga7v0g x16uus16 xbiv7yw\" src=\"https:\/\/static.xx.fbcdn.net\/images\/emoji.php\/v9\/t1e\/1\/16\/1f33f.png\" alt=\"\ud83c\udf3f\" width=\"16\" height=\"16\" \/><\/span> ikt wax stick<span class=\"html-span xexx8yu xyri2b x18d9i69 x1c1uobl x1hl2dhg x16tdsg8 x1vvkbs x3nfvp2 x1j61x8r x1fcty0u xdj266r xat24cr xm2jcoa x1mpyi22 xxymvpz xlup9mm x1kky2od\"><img loading=\"lazy\" decoding=\"async\" class=\"xz74otr x15mokao x1ga7v0g x16uus16 xbiv7yw\" src=\"https:\/\/static.xx.fbcdn.net\/images\/emoji.php\/v9\/t1e\/1\/16\/1f33f.png\" alt=\"\ud83c\udf3f\" width=\"16\" height=\"16\" \/><\/span> \u0631\u0627\u0643 \u062a\u0639\u0627\u0646\u064a \u0645\u0646 \u0627\u0644\u0634\u0639\u0631 \u0644\u064a \u0645\u0627 \u064a\u062d\u0628\u0634 \u064a\u062b\u0628\u062a\u061f \u0645\u0639<\/p>\n<p style=\"text-align: right;\">\u2705 \u062a\u062b\u0628\u064a\u062a \u0642\u0648\u064a \u064a\u062f\u0648\u0645 \u0637\u0648\u0644 \u0627\u0644\u0646\u0647\u0627\u0631<br \/>\n\u2705 \u0645\u0627 \u064a\u062e\u0644\u064a\u0634 \u0627\u0644\u0634\u0639\u0631 \u064a\u0642\u0633\u0649 \u0648\u0644\u0627 \u064a\u062a\u0643\u062a\u0644<br \/>\n\u2705 \u0645\u0646\u0627\u0633\u0628 \u0644\u062c\u0645\u064a\u0639 \u0623\u0646\u0648\u0627\u0639 \u0627\u0644\u0634\u0639\u0631<\/p>\n<p style=\"text-align: right;\">\ud83d\udcaa \u0644\u0623\u0646 \u0627\u0644\u0623\u0646\u0627\u0642\u0629 \u062a\u0628\u062f\u0623 \u0645\u0646 \u0627\u0644\u062a\u0641\u0627\u0635\u064a\u0644! \u062c\u0631\u0628\u0648 \u0627\u0644\u064a\u0648\u0645 \u0648\u062e\u0644\u064a \u062a\u0633\u0631\u064a\u062d\u062a\u0643 \u062f\u064a\u0645\u0627 \u0641\u064a \u0627\u0644\u0645\u0633\u062a\u0648\u0649.<\/p>\n<p><span class=\"html-span xexx8yu xyri2b x18d9i69 x1c1uobl x1hl2dhg x16tdsg8 x1vvkbs x3nfvp2 x1j61x8r x1fcty0u xdj266r xat24cr xm2jcoa x1mpyi22 xxymvpz xlup9mm x1kky2od\"><img loading=\"lazy\" decoding=\"async\" class=\"xz74otr x15mokao x1ga7v0g x16uus16 xbiv7yw\" src=\"https:\/\/static.xx.fbcdn.net\/images\/emoji.php\/v9\/t1e\/1\/16\/1f33f.png\" alt=\"\ud83c\udf3f\" width=\"16\" height=\"16\" \/><\/span><span class=\"html-span xexx8yu xyri2b x18d9i69 x1c1uobl x1hl2dhg x16tdsg8 x1vvkbs x3nfvp2 x1j61x8r x1fcty0u xdj266r xat24cr xm2jcoa x1mpyi22 xxymvpz xlup9mm x1kky2od\"><img loading=\"lazy\" decoding=\"async\" class=\"xz74otr x15mokao x1ga7v0g x16uus16 xbiv7yw\" src=\"https:\/\/static.xx.fbcdn.net\/images\/emoji.php\/v9\/tf4\/1\/16\/2728.png\" alt=\"\u2728\" width=\"16\" height=\"16\" \/><\/span> D\u00e9couvrez le Wax Stick IKT &#8211; La Solution Capillaire Naturelle ! <span class=\"html-span xexx8yu xyri2b x18d9i69 x1c1uobl x1hl2dhg x16tdsg8 x1vvkbs x3nfvp2 x1j61x8r x1fcty0u xdj266r xat24cr xm2jcoa x1mpyi22 xxymvpz xlup9mm x1kky2od\"><img loading=\"lazy\" decoding=\"async\" class=\"xz74otr x15mokao x1ga7v0g x16uus16 xbiv7yw\" src=\"https:\/\/static.xx.fbcdn.net\/images\/emoji.php\/v9\/t1e\/1\/16\/1f33f.png\" alt=\"\ud83c\udf3f\" width=\"16\" height=\"16\" \/><\/span><span class=\"html-span xexx8yu xyri2b x18d9i69 x1c1uobl x1hl2dhg x16tdsg8 x1vvkbs x3nfvp2 x1j61x8r x1fcty0u xdj266r xat24cr xm2jcoa x1mpyi22 xxymvpz xlup9mm x1kky2od\"><img loading=\"lazy\" decoding=\"async\" class=\"xz74otr x15mokao x1ga7v0g x16uus16 xbiv7yw\" src=\"https:\/\/static.xx.fbcdn.net\/images\/emoji.php\/v9\/tf4\/1\/16\/2728.png\" alt=\"\u2728\" width=\"16\" height=\"16\" \/><\/span>\u00a0Transformez vos cheveux en quelques minutes avec notre Wax Stick IKT ! Infus\u00e9 d&#8217;avocat, ce produit concentr\u00e9 hydrate, adoucit et donne une brillance \u00e9clatante \u00e0 vos cheveux.Il est souvent utilis\u00e9 pour des coiffures sleek comme des queues de cheval ou des chignons, ou pour discipliner les baby hairs. Une petite quantit\u00e9 suffit pour des r\u00e9sultats luxueux et durables. <span class=\"html-span xexx8yu xyri2b x18d9i69 x1c1uobl x1hl2dhg x16tdsg8 x1vvkbs x3nfvp2 x1j61x8r x1fcty0u xdj266r xat24cr xm2jcoa x1mpyi22 xxymvpz xlup9mm x1kky2od\"><img loading=\"lazy\" decoding=\"async\" class=\"xz74otr x15mokao x1ga7v0g x16uus16 xbiv7yw\" src=\"https:\/\/static.xx.fbcdn.net\/images\/emoji.php\/v9\/t94\/1\/16\/1f49a.png\" alt=\"\ud83d\udc9a\" width=\"16\" height=\"16\" \/><\/span> <span class=\"html-span xexx8yu xyri2b x18d9i69 x1c1uobl x1hl2dhg x16tdsg8 x1vvkbs x3nfvp2 x1j61x8r x1fcty0u xdj266r xat24cr xm2jcoa x1mpyi22 xxymvpz xlup9mm x1kky2od\"><img loading=\"lazy\" decoding=\"async\" class=\"xz74otr x15mokao x1ga7v0g x16uus16 xbiv7yw\" src=\"https:\/\/static.xx.fbcdn.net\/images\/emoji.php\/v9\/t51\/1\/16\/1f449.png\" alt=\"\ud83d\udc49\" width=\"16\" height=\"16\" \/><\/span> Disponible maintenant &#8211; 75ml (0.27 fl oz) <span class=\"html-span xexx8yu xyri2b x18d9i69 x1c1uobl x1hl2dhg x16tdsg8 x1vvkbs x3nfvp2 x1j61x8r x1fcty0u xdj266r xat24cr xm2jcoa x1mpyi22 xxymvpz xlup9mm x1kky2od\"><img loading=\"lazy\" decoding=\"async\" class=\"xz74otr x15mokao x1ga7v0g x16uus16 xbiv7yw\" src=\"https:\/\/static.xx.fbcdn.net\/images\/emoji.php\/v9\/t5a\/1\/16\/1f4b0.png\" alt=\"\ud83d\udcb0\" width=\"16\" height=\"16\" \/><\/span> Prix 1800 da . <span class=\"html-span xexx8yu xyri2b x18d9i69 x1c1uobl x1hl2dhg x16tdsg8 x1vvkbs x3nfvp2 x1j61x8r x1fcty0u xdj266r xat24cr xm2jcoa x1mpyi22 xxymvpz xlup9mm x1kky2od\"><img loading=\"lazy\" decoding=\"async\" class=\"xz74otr x15mokao x1ga7v0g x16uus16 xbiv7yw\" src=\"https:\/\/static.xx.fbcdn.net\/images\/emoji.php\/v9\/tc0\/1\/16\/1f4e9.png\" alt=\"\ud83d\udce9\" width=\"16\" height=\"16\" \/><\/span> Commandez vite sur notre site ou envoyez-nous un message priv\u00e9 !<\/p>\n<p><span class=\"html-span xexx8yu xyri2b x18d9i69 x1c1uobl x1hl2dhg x16tdsg8 x1vvkbs x3nfvp2 x1j61x8r x1fcty0u xdj266r xat24cr xm2jcoa x1mpyi22 xxymvpz xlup9mm x1kky2od\"><img loading=\"lazy\" decoding=\"async\" class=\"xz74otr x15mokao x1ga7v0g x16uus16 xbiv7yw\" src=\"https:\/\/static.xx.fbcdn.net\/images\/emoji.php\/v9\/t16\/1\/16\/1f69a.png\" alt=\"\ud83d\ude9a\" width=\"16\" height=\"16\" \/><\/span> Livraison rapide partout ( 58 wilaya ) #WaxStickIKT #SoinsCheveux #Naturel #Avocat #Beaut\u00e9 #CheveuxBrillants<\/p>\n<p style=\"text-align: right;\">","protected":false},"excerpt":{"rendered":"<p>\u00a0\u064a\u0645\u0643\u0646\u0643\u0645 \u062a\u0641\u0642\u062f \u0627\u0644\u0645\u0646\u062a\u062c \u0642\u0628\u0644 \u0627\u0644\u062f\u0641\u0639 \u0644\u062a\u0627\u0643\u062f \u0645\u0646 \u0645\u0635\u062f\u0642\u064a\u062a\u0646\u0627 \ud83d\udd25\u00a0 ikt wax stick \u0648\u062f\u0651\u0639 \u0627\u0644\u0634\u0639\u0631 \u0627\u0644\u0645\u062a\u0637\u0627\u064a\u0631\ud83d\udd25 \u0639\u0646\u062f\u0643 \u0627\u0644\u062d\u0644 \u0627\u0644\u0633\u062d\u0631\u064a \u0644\u064a \u064a\u062e\u064a\u0644\u0643 \u062f\u064a\u0645\u0627 \u0628\u0634\u0639\u0631 \u0645\u0631\u062a\u0628 \u0648\u0644\u0627\u0645\u0639 \u0628\u0644\u0627 \u0645\u064a\u0643\u0648\u0646 \u062f\u0647\u0646\u064a \u0648\u0644\u0627 \u062b\u0642\u064a\u0644 . ikt wax stick \u0631\u0627\u0643 \u062a\u0639\u0627\u0646\u064a \u0645\u0646 \u0627\u0644\u0634\u0639\u0631 \u0644\u064a \u0645\u0627 \u064a\u062d\u0628\u0634 \u064a\u062b\u0628\u062a\u061f \u0645\u0639 \u2705 \u062a\u062b\u0628\u064a\u062a \u0642\u0648\u064a \u064a\u062f\u0648\u0645 \u0637\u0648\u0644 \u0627\u0644\u0646\u0647\u0627\u0631 \u2705 \u0645\u0627 \u064a\u062e\u0644\u064a\u0634 \u0627\u0644\u0634\u0639\u0631 \u064a\u0642\u0633\u0649 \u0648\u0644\u0627 \u064a\u062a\u0643\u062a\u0644 [&hellip;]<\/p>\n","protected":false},"featured_media":4620,"template":"","meta":{"site-sidebar-layout":"default","site-content-layout":"","ast-site-content-layout":"default","site-content-style":"default","site-sidebar-style":"default","ast-global-header-display":"","ast-banner-title-visibility":"","ast-main-header-display":"","ast-hfb-above-header-display":"","ast-hfb-below-header-display":"","ast-hfb-mobile-header-display":"","site-post-title":"","ast-breadcrumbs-content":"","ast-featured-img":"","footer-sml-layout":"","ast-disable-related-posts":"","theme-transparent-header-meta":"default","adv-header-id-meta":"","stick-header-meta":"","header-above-stick-meta":"","header-main-stick-meta":"","header-below-stick-meta":"","astra-migrate-meta-layouts":"set","ast-page-background-enabled":"default","ast-page-background-meta":{"desktop":{"background-color":"","background-image":"","background-repeat":"repeat","background-position":"center center","background-size":"auto","background-attachment":"scroll","background-type":"","background-media":"","overlay-type":"","overlay-color":"","overlay-opacity":"","overlay-gradient":""},"tablet":{"background-color":"","background-image":"","background-repeat":"repeat","background-position":"center center","background-size":"auto","background-attachment":"scroll","background-type":"","background-media":"","overlay-type":"","overlay-color":"","overlay-opacity":"","overlay-gradient":""},"mobile":{"background-color":"","background-image":"","background-repeat":"repeat","background-position":"center center","background-size":"auto","background-attachment":"scroll","background-type":"","background-media":"","overlay-type":"","overlay-color":"","overlay-opacity":"","overlay-gradient":""}},"ast-content-background-meta":{"desktop":{"background-color":"var(--ast-global-color-5)","background-image":"","background-repeat":"repeat","background-position":"center center","background-size":"auto","background-attachment":"scroll","background-type":"","background-media":"","overlay-type":"","overlay-color":"","overlay-opacity":"","overlay-gradient":""},"tablet":{"background-color":"var(--ast-global-color-5)","background-image":"","background-repeat":"repeat","background-position":"center center","background-size":"auto","background-attachment":"scroll","background-type":"","background-media":"","overlay-type":"","overlay-color":"","overlay-opacity":"","overlay-gradient":""},"mobile":{"background-color":"var(--ast-global-color-5)","background-image":"","background-repeat":"repeat","background-position":"center center","background-size":"auto","background-attachment":"scroll","background-type":"","background-media":"","overlay-type":"","overlay-color":"","overlay-opacity":"","overlay-gradient":""}}},"product_brand":[],"product_cat":[15],"product_tag":[],"class_list":{"0":"post-4619","1":"product","2":"type-product","3":"status-publish","4":"has-post-thumbnail","6":"product_cat-fammes","7":"desktop-align-left","8":"tablet-align-left","9":"mobile-align-left","11":"first","12":"instock","13":"sale","14":"taxable","15":"shipping-taxable","16":"purchasable","17":"product-type-simple"},"jetpack_sharing_enabled":true,"_links":{"self":[{"href":"https:\/\/smboutique.online\/ar\/wp-json\/wp\/v2\/product\/4619","targetHints":{"allow":["GET"]}}],"collection":[{"href":"https:\/\/smboutique.online\/ar\/wp-json\/wp\/v2\/product"}],"about":[{"href":"https:\/\/smboutique.online\/ar\/wp-json\/wp\/v2\/types\/product"}],"version-history":[{"count":4,"href":"https:\/\/smboutique.online\/ar\/wp-json\/wp\/v2\/product\/4619\/revisions"}],"predecessor-version":[{"id":4629,"href":"https:\/\/smboutique.online\/ar\/wp-json\/wp\/v2\/product\/4619\/revisions\/4629"}],"wp:featuredmedia":[{"embeddable":true,"href":"https:\/\/smboutique.online\/ar\/wp-json\/wp\/v2\/media\/4620"}],"wp:attachment":[{"href":"https:\/\/smboutique.online\/ar\/wp-json\/wp\/v2\/media?parent=4619"}],"wp:term":[{"taxonomy":"product_brand","embeddable":true,"href":"https:\/\/smboutique.online\/ar\/wp-json\/wp\/v2\/product_brand?post=4619"},{"taxonomy":"product_cat","embeddable":true,"href":"https:\/\/smboutique.online\/ar\/wp-json\/wp\/v2\/product_cat?post=4619"},{"taxonomy":"product_tag","embeddable":true,"href":"https:\/\/smboutique.online\/ar\/wp-json\/wp\/v2\/product_tag?post=4619"}],"curies":[{"name":"wp","href":"https:\/\/api.w.org\/{rel}","templated":true}]}}